{"id":495,"date":"2012-03-10T20:35:32","date_gmt":"2012-03-10T18:35:32","guid":{"rendered":"https:\/\/samibeachvillas.gr\/newsite\/?page_id=495"},"modified":"2018-04-20T23:44:26","modified_gmt":"2018-04-20T20:44:26","slug":"ber-sami","status":"publish","type":"page","link":"https:\/\/samibeachvillas.gr\/de\/ber-sami\/","title":{"rendered":"\u00dcber sami"},"content":{"rendered":"<p>Der Bereich der Sami wurde wirklich von der Natur gesegnet. \u00dcppige Vegetation, einem Kristall-sauberen Flie\u00dfgew\u00e4ssern, Smaragd Str\u00e4nde, malerische D\u00f6rfer und eine Vielzahl von unterirdischen H\u00f6hlen und Seen, bilden ein Gebietsschema, das ist immer wieder die Aufmerksamkeit des Besuchers zu erfassen.<\/p>\n<p><strong>Wiki :<\/strong>Sami\u00a0(<a title=\"Neugriechische Sprache\" href=\"https:\/\/de.wikipedia.org\/wiki\/Neugriechische_Sprache\">griechisch<\/a>\u00a0\u03a3\u03ac\u03bc\u03b7\u00a0(<a title=\"Neugriechisch: Femininum, Singular\" href=\"https:\/\/de.wikipedia.org\/wiki\/Neugriechisch:_Femininum,_Singular\">f.\u00a0sg<\/a>)) ist eine Hafenstadt mit 1.223 Einwohnern auf\u00a0<a title=\"Kefalonia\" href=\"https:\/\/de.wikipedia.org\/wiki\/Kefalonia\">Kefalonia<\/a>. Sie liegt an der Ostk\u00fcste der Insel und ist die wichtigste Hafenstadt Kefalonias mit Verbindungen zum Festland und nach Ithaka. <\/p>\n<p>Die Stadtgemeinde\u00a0<em>(dimos)<\/em>\u00a0wurde 1997 geschaffen und ging mit der<a title=\"Kallikratis-Programm\" href=\"https:\/\/de.wikipedia.org\/wiki\/Kallikratis-Programm\">Verwaltungsreform 2010<\/a>\u00a0in der neu geschaffenen Gemeinde\u00a0<a title=\"Kefalonia (Gemeinde)\" href=\"https:\/\/de.wikipedia.org\/wiki\/Kefalonia_(Gemeinde)\">Kefalonia<\/a>\u00a0auf, in der sie seither einen Gemeindebezirk bildet.<\/p>\n<style type=\"text\/css\">\n#foogallery-gallery-2348 .fg-image { width: 200px; }\n#foogallery-gallery-2348 { --fg-gutter: 5px; }<\/style>\n\t\t\t<div class=\"foogallery foogallery-container foogallery-default foogallery-lightbox-foobox fg-center fg-default fg-ready fg-light fg-border-thin fg-round-medium fg-shadow-small fg-shadow-inset-medium fg-loading-partial fg-loaded-fade-in fg-hover-colorize fg-hover-scale fg-caption-hover fg-hover-fade fg-hover-zoom\" id=\"foogallery-gallery-2348\" data-foogallery=\"{&quot;item&quot;:{&quot;showCaptionTitle&quot;:true,&quot;showCaptionDescription&quot;:true},&quot;lazy&quot;:true}\" style=\"--fg-title-line-clamp: 0; --fg-description-line-clamp: 0;\" >\n\t<div class=\"fg-item fg-type-image fg-idle\"><figure class=\"fg-item-inner\"><a href=\"https:\/\/samibeachvillas.gr\/wp-content\/uploads\/2018\/04\/25_kefalonia_sami.jpg\" data-attachment-id=\"6366\" data-type=\"image\" class=\"fg-thumb\"><span class=\"fg-image-wrap\"><img decoding=\"async\" width=\"200\" height=\"200\" class=\"skip-lazy fg-image\" data-src-fg=\"https:\/\/samibeachvillas.gr\/wp-content\/uploads\/cache\/2018\/04\/25_kefalonia_sami\/2412119114.jpg\" src=\"data:image\/svg+xml,%3Csvg%20xmlns%3D%22http%3A%2F%2Fwww.w3.org%2F2000%2Fsvg%22%20width%3D%22200%22%20height%3D%22200%22%20viewBox%3D%220%200%20200%20200%22%3E%3C%2Fsvg%3E\" loading=\"eager\"><\/span><span class=\"fg-image-overlay\"><\/span><\/a><\/figure><div class=\"fg-loader\"><\/div><\/div><div class=\"fg-item fg-type-image fg-idle\"><figure class=\"fg-item-inner\"><a href=\"https:\/\/samibeachvillas.gr\/wp-content\/uploads\/2018\/04\/10_kefalonia_sami.jpg\" data-attachment-id=\"6411\" data-type=\"image\" class=\"fg-thumb\"><span class=\"fg-image-wrap\"><img decoding=\"async\" width=\"200\" height=\"200\" class=\"skip-lazy fg-image\" data-src-fg=\"https:\/\/samibeachvillas.gr\/wp-content\/uploads\/cache\/2018\/04\/10_kefalonia_sami\/3395941141.jpg\" src=\"data:image\/svg+xml,%3Csvg%20xmlns%3D%22http%3A%2F%2Fwww.w3.org%2F2000%2Fsvg%22%20width%3D%22200%22%20height%3D%22200%22%20viewBox%3D%220%200%20200%20200%22%3E%3C%2Fsvg%3E\" loading=\"eager\"><\/span><span class=\"fg-image-overlay\"><\/span><\/a><\/figure><div class=\"fg-loader\"><\/div><\/div><div class=\"fg-item fg-type-image fg-idle\"><figure class=\"fg-item-inner\"><a href=\"https:\/\/samibeachvillas.gr\/wp-content\/uploads\/2018\/04\/8_kefalonia_sami.jpg\" data-attachment-id=\"6417\" data-type=\"image\" class=\"fg-thumb\"><span class=\"fg-image-wrap\"><img decoding=\"async\" width=\"200\" height=\"200\" class=\"skip-lazy fg-image\" data-src-fg=\"https:\/\/samibeachvillas.gr\/wp-content\/uploads\/cache\/2018\/04\/8_kefalonia_sami\/3166155044.jpg\" src=\"data:image\/svg+xml,%3Csvg%20xmlns%3D%22http%3A%2F%2Fwww.w3.org%2F2000%2Fsvg%22%20width%3D%22200%22%20height%3D%22200%22%20viewBox%3D%220%200%20200%20200%22%3E%3C%2Fsvg%3E\" loading=\"eager\"><\/span><span class=\"fg-image-overlay\"><\/span><\/a><\/figure><div class=\"fg-loader\"><\/div><\/div><div class=\"fg-item fg-type-image fg-idle\"><figure class=\"fg-item-inner\"><a href=\"https:\/\/samibeachvillas.gr\/wp-content\/uploads\/2018\/04\/4_kefalonia_sami.jpg\" data-attachment-id=\"6429\" data-type=\"image\" class=\"fg-thumb\"><span class=\"fg-image-wrap\"><img decoding=\"async\" width=\"200\" height=\"200\" class=\"skip-lazy fg-image\" data-src-fg=\"https:\/\/samibeachvillas.gr\/wp-content\/uploads\/cache\/2018\/04\/4_kefalonia_sami\/139059657.jpg\" src=\"data:image\/svg+xml,%3Csvg%20xmlns%3D%22http%3A%2F%2Fwww.w3.org%2F2000%2Fsvg%22%20width%3D%22200%22%20height%3D%22200%22%20viewBox%3D%220%200%20200%20200%22%3E%3C%2Fsvg%3E\" loading=\"eager\"><\/span><span class=\"fg-image-overlay\"><\/span><\/a><\/figure><div class=\"fg-loader\"><\/div><\/div><div class=\"fg-item fg-type-image fg-idle\"><figure class=\"fg-item-inner\"><a href=\"https:\/\/samibeachvillas.gr\/wp-content\/uploads\/2018\/04\/24_kefalonia_sami.jpg\" data-attachment-id=\"6369\" data-type=\"image\" class=\"fg-thumb\"><span class=\"fg-image-wrap\"><img decoding=\"async\" width=\"200\" height=\"200\" class=\"skip-lazy fg-image\" data-src-fg=\"https:\/\/samibeachvillas.gr\/wp-content\/uploads\/cache\/2018\/04\/24_kefalonia_sami\/1311345461.jpg\" src=\"data:image\/svg+xml,%3Csvg%20xmlns%3D%22http%3A%2F%2Fwww.w3.org%2F2000%2Fsvg%22%20width%3D%22200%22%20height%3D%22200%22%20viewBox%3D%220%200%20200%20200%22%3E%3C%2Fsvg%3E\" loading=\"eager\"><\/span><span class=\"fg-image-overlay\"><\/span><\/a><\/figure><div class=\"fg-loader\"><\/div><\/div><div class=\"fg-item fg-type-image fg-idle\"><figure class=\"fg-item-inner\"><a href=\"https:\/\/samibeachvillas.gr\/wp-content\/uploads\/2018\/04\/23_kefalonia_sami.jpg\" data-attachment-id=\"6372\" data-type=\"image\" class=\"fg-thumb\"><span class=\"fg-image-wrap\"><img decoding=\"async\" width=\"200\" height=\"200\" class=\"skip-lazy fg-image\" data-src-fg=\"https:\/\/samibeachvillas.gr\/wp-content\/uploads\/cache\/2018\/04\/23_kefalonia_sami\/2841778850.jpg\" src=\"data:image\/svg+xml,%3Csvg%20xmlns%3D%22http%3A%2F%2Fwww.w3.org%2F2000%2Fsvg%22%20width%3D%22200%22%20height%3D%22200%22%20viewBox%3D%220%200%20200%20200%22%3E%3C%2Fsvg%3E\" loading=\"eager\"><\/span><span class=\"fg-image-overlay\"><\/span><\/a><\/figure><div class=\"fg-loader\"><\/div><\/div><div class=\"fg-item fg-type-image fg-idle\"><figure class=\"fg-item-inner\"><a href=\"https:\/\/samibeachvillas.gr\/wp-content\/uploads\/2018\/04\/22_kefalonia_sami.jpg\" data-attachment-id=\"6375\" data-type=\"image\" class=\"fg-thumb\"><span class=\"fg-image-wrap\"><img decoding=\"async\" width=\"200\" height=\"200\" class=\"skip-lazy fg-image\" data-src-fg=\"https:\/\/samibeachvillas.gr\/wp-content\/uploads\/cache\/2018\/04\/22_kefalonia_sami\/1366450003.jpg\" src=\"data:image\/svg+xml,%3Csvg%20xmlns%3D%22http%3A%2F%2Fwww.w3.org%2F2000%2Fsvg%22%20width%3D%22200%22%20height%3D%22200%22%20viewBox%3D%220%200%20200%20200%22%3E%3C%2Fsvg%3E\" loading=\"eager\"><\/span><span class=\"fg-image-overlay\"><\/span><\/a><\/figure><div class=\"fg-loader\"><\/div><\/div><div class=\"fg-item fg-type-image fg-idle\"><figure class=\"fg-item-inner\"><a href=\"https:\/\/samibeachvillas.gr\/wp-content\/uploads\/2018\/04\/5_kefalonia_sami.jpg\" data-attachment-id=\"6426\" data-type=\"image\" class=\"fg-thumb\"><span class=\"fg-image-wrap\"><img decoding=\"async\" width=\"200\" height=\"200\" class=\"skip-lazy fg-image\" data-src-fg=\"https:\/\/samibeachvillas.gr\/wp-content\/uploads\/cache\/2018\/04\/5_kefalonia_sami\/176208867.jpg\" src=\"data:image\/svg+xml,%3Csvg%20xmlns%3D%22http%3A%2F%2Fwww.w3.org%2F2000%2Fsvg%22%20width%3D%22200%22%20height%3D%22200%22%20viewBox%3D%220%200%20200%20200%22%3E%3C%2Fsvg%3E\" loading=\"eager\"><\/span><span class=\"fg-image-overlay\"><\/span><\/a><\/figure><div class=\"fg-loader\"><\/div><\/div><div class=\"fg-item fg-type-image fg-idle\"><figure class=\"fg-item-inner\"><a href=\"https:\/\/samibeachvillas.gr\/wp-content\/uploads\/2018\/04\/6_kefalonia_sami.jpg\" data-attachment-id=\"6423\" data-type=\"image\" class=\"fg-thumb\"><span class=\"fg-image-wrap\"><img decoding=\"async\" width=\"200\" height=\"200\" class=\"skip-lazy fg-image\" data-src-fg=\"https:\/\/samibeachvillas.gr\/wp-content\/uploads\/cache\/2018\/04\/6_kefalonia_sami\/3185373003.jpg\" src=\"data:image\/svg+xml,%3Csvg%20xmlns%3D%22http%3A%2F%2Fwww.w3.org%2F2000%2Fsvg%22%20width%3D%22200%22%20height%3D%22200%22%20viewBox%3D%220%200%20200%20200%22%3E%3C%2Fsvg%3E\" loading=\"eager\"><\/span><span class=\"fg-image-overlay\"><\/span><\/a><\/figure><div class=\"fg-loader\"><\/div><\/div><div class=\"fg-item fg-type-image fg-idle\"><figure class=\"fg-item-inner\"><a href=\"https:\/\/samibeachvillas.gr\/wp-content\/uploads\/2018\/04\/27_kefalonia_sami.jpg\" data-attachment-id=\"6360\" data-type=\"image\" class=\"fg-thumb\"><span class=\"fg-image-wrap\"><img decoding=\"async\" width=\"200\" height=\"200\" class=\"skip-lazy fg-image\" data-src-fg=\"https:\/\/samibeachvillas.gr\/wp-content\/uploads\/cache\/2018\/04\/27_kefalonia_sami\/2640855911.jpg\" src=\"data:image\/svg+xml,%3Csvg%20xmlns%3D%22http%3A%2F%2Fwww.w3.org%2F2000%2Fsvg%22%20width%3D%22200%22%20height%3D%22200%22%20viewBox%3D%220%200%20200%20200%22%3E%3C%2Fsvg%3E\" loading=\"eager\"><\/span><span class=\"fg-image-overlay\"><\/span><\/a><\/figure><div class=\"fg-loader\"><\/div><\/div><div class=\"fg-item fg-type-image fg-idle\"><figure class=\"fg-item-inner\"><a href=\"https:\/\/samibeachvillas.gr\/wp-content\/uploads\/2018\/04\/26_kefalonia_sami.jpg\" data-attachment-id=\"6363\" data-type=\"image\" class=\"fg-thumb\"><span class=\"fg-image-wrap\"><img decoding=\"async\" width=\"200\" height=\"200\" class=\"skip-lazy fg-image\" data-src-fg=\"https:\/\/samibeachvillas.gr\/wp-content\/uploads\/cache\/2018\/04\/26_kefalonia_sami\/2038948817.jpg\" src=\"data:image\/svg+xml,%3Csvg%20xmlns%3D%22http%3A%2F%2Fwww.w3.org%2F2000%2Fsvg%22%20width%3D%22200%22%20height%3D%22200%22%20viewBox%3D%220%200%20200%20200%22%3E%3C%2Fsvg%3E\" loading=\"eager\"><\/span><span class=\"fg-image-overlay\"><\/span><\/a><\/figure><div class=\"fg-loader\"><\/div><\/div><div class=\"fg-item fg-type-image fg-idle\"><figure class=\"fg-item-inner\"><a href=\"https:\/\/samibeachvillas.gr\/wp-content\/uploads\/2018\/04\/21_kefalonia_sami.jpg\" data-attachment-id=\"6378\" data-type=\"image\" class=\"fg-thumb\"><span class=\"fg-image-wrap\"><img decoding=\"async\" width=\"200\" height=\"200\" class=\"skip-lazy fg-image\" data-src-fg=\"https:\/\/samibeachvillas.gr\/wp-content\/uploads\/cache\/2018\/04\/21_kefalonia_sami\/2664198726.jpg\" src=\"data:image\/svg+xml,%3Csvg%20xmlns%3D%22http%3A%2F%2Fwww.w3.org%2F2000%2Fsvg%22%20width%3D%22200%22%20height%3D%22200%22%20viewBox%3D%220%200%20200%20200%22%3E%3C%2Fsvg%3E\" loading=\"eager\"><\/span><span class=\"fg-image-overlay\"><\/span><\/a><\/figure><div class=\"fg-loader\"><\/div><\/div><div class=\"fg-item fg-type-image fg-idle\"><figure class=\"fg-item-inner\"><a href=\"https:\/\/samibeachvillas.gr\/wp-content\/uploads\/2018\/04\/3_kefalonia_sami.jpg\" data-attachment-id=\"6432\" data-type=\"image\" class=\"fg-thumb\"><span class=\"fg-image-wrap\"><img decoding=\"async\" width=\"200\" height=\"200\" class=\"skip-lazy fg-image\" data-src-fg=\"https:\/\/samibeachvillas.gr\/wp-content\/uploads\/cache\/2018\/04\/3_kefalonia_sami\/3902134057.jpg\" src=\"data:image\/svg+xml,%3Csvg%20xmlns%3D%22http%3A%2F%2Fwww.w3.org%2F2000%2Fsvg%22%20width%3D%22200%22%20height%3D%22200%22%20viewBox%3D%220%200%20200%20200%22%3E%3C%2Fsvg%3E\" loading=\"eager\"><\/span><span class=\"fg-image-overlay\"><\/span><\/a><\/figure><div class=\"fg-loader\"><\/div><\/div><div class=\"fg-item fg-type-image fg-idle\"><figure class=\"fg-item-inner\"><a href=\"https:\/\/samibeachvillas.gr\/wp-content\/uploads\/2018\/04\/1_kefalonia_sami.jpg\" data-attachment-id=\"6438\" data-type=\"image\" class=\"fg-thumb\"><span class=\"fg-image-wrap\"><img decoding=\"async\" width=\"200\" height=\"200\" class=\"skip-lazy fg-image\" data-src-fg=\"https:\/\/samibeachvillas.gr\/wp-content\/uploads\/cache\/2018\/04\/1_kefalonia_sami\/1560336811.jpg\" src=\"data:image\/svg+xml,%3Csvg%20xmlns%3D%22http%3A%2F%2Fwww.w3.org%2F2000%2Fsvg%22%20width%3D%22200%22%20height%3D%22200%22%20viewBox%3D%220%200%20200%20200%22%3E%3C%2Fsvg%3E\" loading=\"eager\"><\/span><span class=\"fg-image-overlay\"><\/span><\/a><\/figure><div class=\"fg-loader\"><\/div><\/div><div class=\"fg-item fg-type-image fg-idle\"><figure class=\"fg-item-inner\"><a href=\"https:\/\/samibeachvillas.gr\/wp-content\/uploads\/2018\/04\/9_kefalonia_sami.jpg\" data-attachment-id=\"6414\" data-type=\"image\" class=\"fg-thumb\"><span class=\"fg-image-wrap\"><img decoding=\"async\" width=\"200\" height=\"200\" class=\"skip-lazy fg-image\" data-src-fg=\"https:\/\/samibeachvillas.gr\/wp-content\/uploads\/cache\/2018\/04\/9_kefalonia_sami\/3515056828.jpg\" src=\"data:image\/svg+xml,%3Csvg%20xmlns%3D%22http%3A%2F%2Fwww.w3.org%2F2000%2Fsvg%22%20width%3D%22200%22%20height%3D%22200%22%20viewBox%3D%220%200%20200%20200%22%3E%3C%2Fsvg%3E\" loading=\"eager\"><\/span><span class=\"fg-image-overlay\"><\/span><\/a><\/figure><div class=\"fg-loader\"><\/div><\/div><div class=\"fg-item fg-type-image fg-idle\"><figure class=\"fg-item-inner\"><a href=\"https:\/\/samibeachvillas.gr\/wp-content\/uploads\/2018\/04\/2_kefalonia_sami.jpg\" data-attachment-id=\"6435\" data-type=\"image\" class=\"fg-thumb\"><span class=\"fg-image-wrap\"><img decoding=\"async\" width=\"200\" height=\"200\" class=\"skip-lazy fg-image\" data-src-fg=\"https:\/\/samibeachvillas.gr\/wp-content\/uploads\/cache\/2018\/04\/2_kefalonia_sami\/371573216.jpg\" src=\"data:image\/svg+xml,%3Csvg%20xmlns%3D%22http%3A%2F%2Fwww.w3.org%2F2000%2Fsvg%22%20width%3D%22200%22%20height%3D%22200%22%20viewBox%3D%220%200%20200%20200%22%3E%3C%2Fsvg%3E\" loading=\"eager\"><\/span><span class=\"fg-image-overlay\"><\/span><\/a><\/figure><div class=\"fg-loader\"><\/div><\/div><div class=\"fg-item fg-type-image fg-idle\"><figure class=\"fg-item-inner\"><a href=\"https:\/\/samibeachvillas.gr\/wp-content\/uploads\/2018\/04\/12_kefalonia_sami.jpg\" data-attachment-id=\"6405\" data-type=\"image\" class=\"fg-thumb\"><span class=\"fg-image-wrap\"><img decoding=\"async\" width=\"200\" height=\"200\" class=\"skip-lazy fg-image\" data-src-fg=\"https:\/\/samibeachvillas.gr\/wp-content\/uploads\/cache\/2018\/04\/12_kefalonia_sami\/3968945262.jpg\" src=\"data:image\/svg+xml,%3Csvg%20xmlns%3D%22http%3A%2F%2Fwww.w3.org%2F2000%2Fsvg%22%20width%3D%22200%22%20height%3D%22200%22%20viewBox%3D%220%200%20200%20200%22%3E%3C%2Fsvg%3E\" loading=\"eager\"><\/span><span class=\"fg-image-overlay\"><\/span><\/a><\/figure><div class=\"fg-loader\"><\/div><\/div><div class=\"fg-item fg-type-image fg-idle\"><figure class=\"fg-item-inner\"><a href=\"https:\/\/samibeachvillas.gr\/wp-content\/uploads\/2018\/04\/20_kefalonia_sami.jpg\" data-attachment-id=\"6381\" data-type=\"image\" class=\"fg-thumb\"><span class=\"fg-image-wrap\"><img decoding=\"async\" width=\"200\" height=\"200\" class=\"skip-lazy fg-image\" data-src-fg=\"https:\/\/samibeachvillas.gr\/wp-content\/uploads\/cache\/2018\/04\/20_kefalonia_sami\/3779432440.jpg\" src=\"data:image\/svg+xml,%3Csvg%20xmlns%3D%22http%3A%2F%2Fwww.w3.org%2F2000%2Fsvg%22%20width%3D%22200%22%20height%3D%22200%22%20viewBox%3D%220%200%20200%20200%22%3E%3C%2Fsvg%3E\" loading=\"eager\"><\/span><span class=\"fg-image-overlay\"><\/span><\/a><\/figure><div class=\"fg-loader\"><\/div><\/div><div class=\"fg-item fg-type-image fg-idle\"><figure class=\"fg-item-inner\"><a href=\"https:\/\/samibeachvillas.gr\/wp-content\/uploads\/2018\/04\/19_kefalonia_sami.jpg\" data-attachment-id=\"6384\" data-type=\"image\" class=\"fg-thumb\"><span class=\"fg-image-wrap\"><img decoding=\"async\" width=\"200\" height=\"200\" class=\"skip-lazy fg-image\" data-src-fg=\"https:\/\/samibeachvillas.gr\/wp-content\/uploads\/cache\/2018\/04\/19_kefalonia_sami\/2721403268.jpg\" src=\"data:image\/svg+xml,%3Csvg%20xmlns%3D%22http%3A%2F%2Fwww.w3.org%2F2000%2Fsvg%22%20width%3D%22200%22%20height%3D%22200%22%20viewBox%3D%220%200%20200%20200%22%3E%3C%2Fsvg%3E\" loading=\"eager\"><\/span><span class=\"fg-image-overlay\"><\/span><\/a><\/figure><div class=\"fg-loader\"><\/div><\/div><div class=\"fg-item fg-type-image fg-idle\"><figure class=\"fg-item-inner\"><a href=\"https:\/\/samibeachvillas.gr\/wp-content\/uploads\/2018\/04\/18_kefalonia_sami.jpg\" data-attachment-id=\"6387\" data-type=\"image\" class=\"fg-thumb\"><span class=\"fg-image-wrap\"><img decoding=\"async\" width=\"200\" height=\"200\" class=\"skip-lazy fg-image\" data-src-fg=\"https:\/\/samibeachvillas.gr\/wp-content\/uploads\/cache\/2018\/04\/18_kefalonia_sami\/1188753714.jpg\" src=\"data:image\/svg+xml,%3Csvg%20xmlns%3D%22http%3A%2F%2Fwww.w3.org%2F2000%2Fsvg%22%20width%3D%22200%22%20height%3D%22200%22%20viewBox%3D%220%200%20200%20200%22%3E%3C%2Fsvg%3E\" loading=\"eager\"><\/span><span class=\"fg-image-overlay\"><\/span><\/a><\/figure><div class=\"fg-loader\"><\/div><\/div><div class=\"fg-item fg-type-image fg-idle\"><figure class=\"fg-item-inner\"><a href=\"https:\/\/samibeachvillas.gr\/wp-content\/uploads\/2018\/04\/17_kefalonia_sami.jpg\" data-attachment-id=\"6390\" data-type=\"image\" class=\"fg-thumb\"><span class=\"fg-image-wrap\"><img decoding=\"async\" width=\"200\" height=\"200\" class=\"skip-lazy fg-image\" data-src-fg=\"https:\/\/samibeachvillas.gr\/wp-content\/uploads\/cache\/2018\/04\/17_kefalonia_sami\/2217217098.jpg\" src=\"data:image\/svg+xml,%3Csvg%20xmlns%3D%22http%3A%2F%2Fwww.w3.org%2F2000%2Fsvg%22%20width%3D%22200%22%20height%3D%22200%22%20viewBox%3D%220%200%20200%20200%22%3E%3C%2Fsvg%3E\" loading=\"eager\"><\/span><span class=\"fg-image-overlay\"><\/span><\/a><\/figure><div class=\"fg-loader\"><\/div><\/div><div class=\"fg-item fg-type-image fg-idle\"><figure class=\"fg-item-inner\"><a href=\"https:\/\/samibeachvillas.gr\/wp-content\/uploads\/2018\/04\/16_kefalonia_sami.jpg\" data-attachment-id=\"6393\" data-type=\"image\" class=\"fg-thumb\"><span class=\"fg-image-wrap\"><img decoding=\"async\" width=\"200\" height=\"200\" class=\"skip-lazy fg-image\" data-src-fg=\"https:\/\/samibeachvillas.gr\/wp-content\/uploads\/cache\/2018\/04\/16_kefalonia_sami\/1623698684.jpg\" src=\"data:image\/svg+xml,%3Csvg%20xmlns%3D%22http%3A%2F%2Fwww.w3.org%2F2000%2Fsvg%22%20width%3D%22200%22%20height%3D%22200%22%20viewBox%3D%220%200%20200%20200%22%3E%3C%2Fsvg%3E\" loading=\"eager\"><\/span><span class=\"fg-image-overlay\"><\/span><\/a><\/figure><div class=\"fg-loader\"><\/div><\/div><div class=\"fg-item fg-type-image fg-idle\"><figure class=\"fg-item-inner\"><a href=\"https:\/\/samibeachvillas.gr\/wp-content\/uploads\/2018\/04\/15_kefalonia_sami.jpg\" data-attachment-id=\"6396\" data-type=\"image\" class=\"fg-thumb\"><span class=\"fg-image-wrap\"><img decoding=\"async\" width=\"200\" height=\"200\" class=\"skip-lazy fg-image\" data-src-fg=\"https:\/\/samibeachvillas.gr\/wp-content\/uploads\/cache\/2018\/04\/15_kefalonia_sami\/2525383527.jpg\" src=\"data:image\/svg+xml,%3Csvg%20xmlns%3D%22http%3A%2F%2Fwww.w3.org%2F2000%2Fsvg%22%20width%3D%22200%22%20height%3D%22200%22%20viewBox%3D%220%200%20200%20200%22%3E%3C%2Fsvg%3E\" loading=\"eager\"><\/span><span class=\"fg-image-overlay\"><\/span><\/a><\/figure><div class=\"fg-loader\"><\/div><\/div><div class=\"fg-item fg-type-image fg-idle\"><figure class=\"fg-item-inner\"><a href=\"https:\/\/samibeachvillas.gr\/wp-content\/uploads\/2018\/04\/14_kefalonia_sami.jpg\" data-attachment-id=\"6399\" data-type=\"image\" class=\"fg-thumb\"><span class=\"fg-image-wrap\"><img decoding=\"async\" width=\"200\" height=\"200\" class=\"skip-lazy fg-image\" data-src-fg=\"https:\/\/samibeachvillas.gr\/wp-content\/uploads\/cache\/2018\/04\/14_kefalonia_sami\/1466549272.jpg\" src=\"data:image\/svg+xml,%3Csvg%20xmlns%3D%22http%3A%2F%2Fwww.w3.org%2F2000%2Fsvg%22%20width%3D%22200%22%20height%3D%22200%22%20viewBox%3D%220%200%20200%20200%22%3E%3C%2Fsvg%3E\" loading=\"eager\"><\/span><span class=\"fg-image-overlay\"><\/span><\/a><\/figure><div class=\"fg-loader\"><\/div><\/div><div class=\"fg-item fg-type-image fg-idle\"><figure class=\"fg-item-inner\"><a href=\"https:\/\/samibeachvillas.gr\/wp-content\/uploads\/2018\/04\/13_kefalonia_sami.jpg\" data-attachment-id=\"6402\" data-type=\"image\" class=\"fg-thumb\"><span class=\"fg-image-wrap\"><img decoding=\"async\" width=\"200\" height=\"200\" class=\"skip-lazy fg-image\" data-src-fg=\"https:\/\/samibeachvillas.gr\/wp-content\/uploads\/cache\/2018\/04\/13_kefalonia_sami\/344000927.jpg\" src=\"data:image\/svg+xml,%3Csvg%20xmlns%3D%22http%3A%2F%2Fwww.w3.org%2F2000%2Fsvg%22%20width%3D%22200%22%20height%3D%22200%22%20viewBox%3D%220%200%20200%20200%22%3E%3C%2Fsvg%3E\" loading=\"eager\"><\/span><span class=\"fg-image-overlay\"><\/span><\/a><\/figure><div class=\"fg-loader\"><\/div><\/div><div class=\"fg-item fg-type-image fg-idle\"><figure class=\"fg-item-inner\"><a href=\"https:\/\/samibeachvillas.gr\/wp-content\/uploads\/2018\/04\/11_kefalonia_sami.jpg\" data-attachment-id=\"6408\" data-type=\"image\" class=\"fg-thumb\"><span class=\"fg-image-wrap\"><img decoding=\"async\" width=\"200\" height=\"200\" class=\"skip-lazy fg-image\" data-src-fg=\"https:\/\/samibeachvillas.gr\/wp-content\/uploads\/cache\/2018\/04\/11_kefalonia_sami\/590307707.jpg\" src=\"data:image\/svg+xml,%3Csvg%20xmlns%3D%22http%3A%2F%2Fwww.w3.org%2F2000%2Fsvg%22%20width%3D%22200%22%20height%3D%22200%22%20viewBox%3D%220%200%20200%20200%22%3E%3C%2Fsvg%3E\" loading=\"eager\"><\/span><span class=\"fg-image-overlay\"><\/span><\/a><\/figure><div class=\"fg-loader\"><\/div><\/div><div class=\"fg-item fg-type-image fg-idle\"><figure class=\"fg-item-inner\"><a href=\"https:\/\/samibeachvillas.gr\/wp-content\/uploads\/2018\/04\/7_kefalonia_sami.jpg\" data-attachment-id=\"6420\" data-type=\"image\" class=\"fg-thumb\"><span class=\"fg-image-wrap\"><img decoding=\"async\" width=\"200\" height=\"200\" class=\"skip-lazy fg-image\" data-src-fg=\"https:\/\/samibeachvillas.gr\/wp-content\/uploads\/cache\/2018\/04\/7_kefalonia_sami\/3504921811.jpg\" src=\"data:image\/svg+xml,%3Csvg%20xmlns%3D%22http%3A%2F%2Fwww.w3.org%2F2000%2Fsvg%22%20width%3D%22200%22%20height%3D%22200%22%20viewBox%3D%220%200%20200%20200%22%3E%3C%2Fsvg%3E\" loading=\"eager\"><\/span><span class=\"fg-image-overlay\"><\/span><\/a><\/figure><div class=\"fg-loader\"><\/div><\/div><\/div>\n\n","protected":false},"excerpt":{"rendered":"<p>Der Bereich der Sami wurde wirklich von der Natur gesegnet. \u00dcppige Vegetation, einem Kristall-sauberen Flie\u00dfgew\u00e4ssern, Smaragd Str\u00e4nde, malerische D\u00f6rfer und eine Vielzahl von unterirdischen H\u00f6hlen und Seen, bilden ein Gebietsschema, das ist immer wieder die Aufmerksamkeit des Besuchers zu erfassen. Wiki :Sami\u00a0(griechisch\u00a0\u03a3\u03ac\u03bc\u03b7\u00a0(f.\u00a0sg)) ist eine Hafenstadt mit 1.223 Einwohnern auf\u00a0Kefalonia. Sie liegt an der Ostk\u00fcste der &hellip; <a href=\"https:\/\/samibeachvillas.gr\/de\/ber-sami\/\" class=\"more-link\">Continue reading<span class=\"screen-reader-text\"> &#8222;\u00dcber sami&#8220;<\/span><\/a><\/p>\n","protected":false},"author":1,"featured_media":2382,"parent":0,"menu_order":0,"comment_status":"open","ping_status":"open","template":"","meta":{"footnotes":""},"class_list":["post-495","page","type-page","status-publish","has-post-thumbnail","hentry"],"aioseo_notices":[],"_links":{"self":[{"href":"https:\/\/samibeachvillas.gr\/de\/wp-json\/wp\/v2\/pages\/495","targetHints":{"allow":["GET"]}}],"collection":[{"href":"https:\/\/samibeachvillas.gr\/de\/wp-json\/wp\/v2\/pages"}],"about":[{"href":"https:\/\/samibeachvillas.gr\/de\/wp-json\/wp\/v2\/types\/page"}],"author":[{"embeddable":true,"href":"https:\/\/samibeachvillas.gr\/de\/wp-json\/wp\/v2\/users\/1"}],"replies":[{"embeddable":true,"href":"https:\/\/samibeachvillas.gr\/de\/wp-json\/wp\/v2\/comments?post=495"}],"version-history":[{"count":11,"href":"https:\/\/samibeachvillas.gr\/de\/wp-json\/wp\/v2\/pages\/495\/revisions"}],"predecessor-version":[{"id":2378,"href":"https:\/\/samibeachvillas.gr\/de\/wp-json\/wp\/v2\/pages\/495\/revisions\/2378"}],"wp:featuredmedia":[{"embeddable":true,"href":"https:\/\/samibeachvillas.gr\/de\/wp-json\/wp\/v2\/media\/2382"}],"wp:attachment":[{"href":"https:\/\/samibeachvillas.gr\/de\/wp-json\/wp\/v2\/media?parent=495"}],"curies":[{"name":"wp","href":"https:\/\/api.w.org\/{rel}","templated":true}]}}