{"id":508,"date":"2012-03-10T20:41:47","date_gmt":"2012-03-10T18:41:47","guid":{"rendered":"https:\/\/samibeachvillas.gr\/newsite\/?page_id=508"},"modified":"2022-05-05T22:50:48","modified_gmt":"2022-05-05T19:50:48","slug":"villen","status":"publish","type":"page","link":"https:\/\/samibeachvillas.gr\/de\/villen\/","title":{"rendered":"Die Villen"},"content":{"rendered":"<figure id=\"attachment_6488\" aria-describedby=\"caption-attachment-6488\" style=\"width: 300px\" class=\"wp-caption alignright\"><a href=\"https:\/\/samibeachvillas.gr\/wp-content\/uploads\/2018\/04\/dji_0780_sami_kefalonia.jpg\"><img loading=\"lazy\" decoding=\"async\" class=\"wp-image-6488 size-medium\" src=\"https:\/\/samibeachvillas.gr\/wp-content\/uploads\/2018\/04\/dji_0780_sami_kefalonia-300x188.jpg\" alt=\"Sami Beach Vilas Kefalonia\" width=\"300\" height=\"188\" srcset=\"https:\/\/samibeachvillas.gr\/wp-content\/uploads\/2018\/04\/dji_0780_sami_kefalonia-300x188.jpg 300w, https:\/\/samibeachvillas.gr\/wp-content\/uploads\/2018\/04\/dji_0780_sami_kefalonia-1024x640.jpg 1024w, https:\/\/samibeachvillas.gr\/wp-content\/uploads\/2018\/04\/dji_0780_sami_kefalonia-768x480.jpg 768w, https:\/\/samibeachvillas.gr\/wp-content\/uploads\/2018\/04\/dji_0780_sami_kefalonia-1536x960.jpg 1536w, https:\/\/samibeachvillas.gr\/wp-content\/uploads\/2018\/04\/dji_0780_sami_kefalonia-896x560.jpg 896w, https:\/\/samibeachvillas.gr\/wp-content\/uploads\/2018\/04\/dji_0780_sami_kefalonia.jpg 1920w\" sizes=\"auto, (max-width: 300px) 100vw, 300px\" \/><\/a><figcaption id=\"caption-attachment-6488\" class=\"wp-caption-text\">Sami Beach Vilas Kefalonia<\/figcaption><\/figure>\n<p>Das Resort Sami Beach Villas ist ein kleiner Komplex von eingerichtet, v\u00f6llig unabh\u00e4ngig zweist\u00f6ckige Maisonetten <span id=\"result_box\" class=\"\" lang=\"de\"><span class=\"\">(Baujahr<\/span> <span class=\"\">2009)<\/span><\/span>. Die Villen befinden sich neben dem Meer Karavomylos, <span id=\"result_box\" class=\"short_text\" lang=\"de\"><span class=\"\">Gemeinde<\/span> <span class=\"\">Sami<\/span><\/span> auf der Insel Kefalonia entfernt. Die Insel Kefalonia ist auf der westlichen Seite der zentralen Griechenland in den blau-gr\u00fcne Wasser des Ionischen Meer. F\u00fcr weitere Informationen \u00fcber den Standort, finden sie in unserer Sami location guide. Die Maisonetten \/ Villen k\u00f6nnen gemietet werden von Mai bis Oktober. Jede Einheit bietet Platz f\u00fcr bis zu 4 oder 6 Personen und hat einen gro\u00dfen Garten und Hof, privates Schwimmbad, zwei oder drei Schlafzimmer, zwei Badezimmer, Haartrockner, voll ausgestattete K\u00fcche mit elektrischen Ger\u00e4ten, Mikrowelle, Klimaanlage, (Kamin), TV, Safe, Grill und kostenlosen \u201cWillkommen\u201d mit Essen und Getr\u00e4nken. Das Resort liegt in ruhiger, l\u00e4ndlicher Umgebung liegt nur 50 Meter vom Strand und 1.2 km vom touristischen Zentrum von Sami. Es ist geschaffen f\u00fcr einen Urlaub in einer freundlichen Umgebung bieten, in einem Gebiet von seltener nat\u00fcrlicher Sch\u00f6nheit.<\/p>\n<p><a href=\"https:\/\/www.tripadvisor.com\/Hotel_Review-g678734-d1908774-Reviews-Sami_Beach_Villas-Sami_Kefalonia_Ionian_Islands.html\" target=\"_blank\" rel=\"noopener\"><span style=\"color: #008080;\">Klicken Sie hier, um Tripadvisor-Bewertungen zu lesen:<\/span><\/a><\/p>\n<div class=\"mphb_sc_rooms-wrapper mphb-room-types \">\n<div class=\"mphb-room-type post-2038 mphb_room_type type-mphb_room_type status-publish has-post-thumbnail mphb-room-type-adults-2 mphb-room-type-children-2 \">\n\n\t\n\t\n\n\t<p class=\"post-thumbnail mphb-loop-room-thumbnail\">\n\t<a href=\"https:\/\/samibeachvillas.gr\/de\/accommodation\/villa-dafni-2\/\">\n\t<img loading=\"lazy\" decoding=\"async\" width=\"840\" height=\"560\" src=\"https:\/\/samibeachvillas.gr\/wp-content\/uploads\/2022\/01\/dji_0800_sami_kefalonia-840x560.jpg\" class=\"attachment-oceanica-thumb-medium size-oceanica-thumb-medium wp-post-image\" alt=\"\" \/>\t<\/a>\n\n\t<\/p>\n\n<h2 class=\"mphb-room-type-title entry-title\">\n\n<a class=\"mphb-room-type-title\" href=\"https:\/\/samibeachvillas.gr\/de\/accommodation\/villa-dafni-2\/\">VILLA DAFNI<\/a>\n\n<\/h2>\n<p class=\"mphb-view-details-button-wrapper\">\n<a class=\"button mphb-view-details-button\" href=\"https:\/\/samibeachvillas.gr\/de\/accommodation\/villa-dafni-2\/\" >Details ansehen<\/a>\n<\/p>\n\t\n<\/div>\n\n<div class=\"mphb-room-type post-2035 mphb_room_type type-mphb_room_type status-publish has-post-thumbnail mphb-room-type-adults-2 mphb-room-type-children-2 \">\n\n\t\n\t\n\n\t<p class=\"post-thumbnail mphb-loop-room-thumbnail\">\n\t<a href=\"https:\/\/samibeachvillas.gr\/de\/accommodation\/villa-thalia-2\/\">\n\t<img loading=\"lazy\" decoding=\"async\" width=\"840\" height=\"560\" src=\"https:\/\/samibeachvillas.gr\/wp-content\/uploads\/2022\/01\/dji_0795_sami_kefalonia-840x560.jpg\" class=\"attachment-oceanica-thumb-medium size-oceanica-thumb-medium wp-post-image\" alt=\"\" \/>\t<\/a>\n\n\t<\/p>\n\n<h2 class=\"mphb-room-type-title entry-title\">\n\n<a class=\"mphb-room-type-title\" href=\"https:\/\/samibeachvillas.gr\/de\/accommodation\/villa-thalia-2\/\">VILLA THALIA<\/a>\n\n<\/h2>\n<p class=\"mphb-view-details-button-wrapper\">\n<a class=\"button mphb-view-details-button\" href=\"https:\/\/samibeachvillas.gr\/de\/accommodation\/villa-thalia-2\/\" >Details ansehen<\/a>\n<\/p>\n\t\n<\/div>\n\n<div class=\"mphb-room-type post-2032 mphb_room_type type-mphb_room_type status-publish has-post-thumbnail mphb-room-type-adults-4 mphb-room-type-children-2 \">\n\n\t\n\t\n\n\t<p class=\"post-thumbnail mphb-loop-room-thumbnail\">\n\t<a href=\"https:\/\/samibeachvillas.gr\/de\/accommodation\/villa-fedra-2\/\">\n\t<img loading=\"lazy\" decoding=\"async\" width=\"840\" height=\"560\" src=\"https:\/\/samibeachvillas.gr\/wp-content\/uploads\/2022\/01\/dji_0799_sami_kefalonia-840x560.jpg\" class=\"attachment-oceanica-thumb-medium size-oceanica-thumb-medium wp-post-image\" alt=\"\" \/>\t<\/a>\n\n\t<\/p>\n\n<h2 class=\"mphb-room-type-title entry-title\">\n\n<a class=\"mphb-room-type-title\" href=\"https:\/\/samibeachvillas.gr\/de\/accommodation\/villa-fedra-2\/\">VILLA FEDRA<\/a>\n\n<\/h2>\n<p class=\"mphb-view-details-button-wrapper\">\n<a class=\"button mphb-view-details-button\" href=\"https:\/\/samibeachvillas.gr\/de\/accommodation\/villa-fedra-2\/\" >Details ansehen<\/a>\n<\/p>\n\t\n<\/div>\n\n<div class=\"mphb-room-type post-1943 mphb_room_type type-mphb_room_type status-publish has-post-thumbnail mphb-room-type-adults-2 mphb-room-type-children-2 \">\n\n\t\n\t\n\n\t<p class=\"post-thumbnail mphb-loop-room-thumbnail\">\n\t<a href=\"https:\/\/samibeachvillas.gr\/de\/accommodation\/villa-nefelli\/\">\n\t<img loading=\"lazy\" decoding=\"async\" width=\"840\" height=\"560\" src=\"https:\/\/samibeachvillas.gr\/wp-content\/uploads\/2022\/03\/dji_0801_sami_kefalonia-840x560.jpg\" class=\"attachment-oceanica-thumb-medium size-oceanica-thumb-medium wp-post-image\" alt=\"\" \/>\t<\/a>\n\n\t<\/p>\n\n<h2 class=\"mphb-room-type-title entry-title\">\n\n<a class=\"mphb-room-type-title\" href=\"https:\/\/samibeachvillas.gr\/de\/accommodation\/villa-nefelli\/\">VILLA NEFELI<\/a>\n\n<\/h2>\n<p class=\"mphb-view-details-button-wrapper\">\n<a class=\"button mphb-view-details-button\" href=\"https:\/\/samibeachvillas.gr\/de\/accommodation\/villa-nefelli\/\" >Details ansehen<\/a>\n<\/p>\n\t\n<\/div>\n<\/div>\n","protected":false},"excerpt":{"rendered":"<p>Das Resort Sami Beach Villas ist ein kleiner Komplex von eingerichtet, v\u00f6llig unabh\u00e4ngig zweist\u00f6ckige Maisonetten (Baujahr 2009). Die Villen befinden sich neben dem Meer Karavomylos, Gemeinde Sami auf der Insel Kefalonia entfernt. Die Insel Kefalonia ist auf der westlichen Seite der zentralen Griechenland in den blau-gr\u00fcne Wasser des Ionischen Meer. F\u00fcr weitere Informationen \u00fcber den &hellip; <a href=\"https:\/\/samibeachvillas.gr\/de\/accommodation\/villa-nefelli\/\" class=\"more-link\">Continue reading<span class=\"screen-reader-text\"> &#8222;VILLA NEFELI&#8220;<\/span><\/a><\/p>\n","protected":false},"author":1,"featured_media":6552,"parent":0,"menu_order":0,"comment_status":"open","ping_status":"open","template":"","meta":{"footnotes":""},"class_list":["post-508","page","type-page","status-publish","has-post-thumbnail","hentry"],"aioseo_notices":[],"_links":{"self":[{"href":"https:\/\/samibeachvillas.gr\/de\/wp-json\/wp\/v2\/pages\/508","targetHints":{"allow":["GET"]}}],"collection":[{"href":"https:\/\/samibeachvillas.gr\/de\/wp-json\/wp\/v2\/pages"}],"about":[{"href":"https:\/\/samibeachvillas.gr\/de\/wp-json\/wp\/v2\/types\/page"}],"author":[{"embeddable":true,"href":"https:\/\/samibeachvillas.gr\/de\/wp-json\/wp\/v2\/users\/1"}],"replies":[{"embeddable":true,"href":"https:\/\/samibeachvillas.gr\/de\/wp-json\/wp\/v2\/comments?post=508"}],"version-history":[{"count":4,"href":"https:\/\/samibeachvillas.gr\/de\/wp-json\/wp\/v2\/pages\/508\/revisions"}],"predecessor-version":[{"id":7847,"href":"https:\/\/samibeachvillas.gr\/de\/wp-json\/wp\/v2\/pages\/508\/revisions\/7847"}],"wp:featuredmedia":[{"embeddable":true,"href":"https:\/\/samibeachvillas.gr\/de\/wp-json\/wp\/v2\/media\/6552"}],"wp:attachment":[{"href":"https:\/\/samibeachvillas.gr\/de\/wp-json\/wp\/v2\/media?parent=508"}],"curies":[{"name":"wp","href":"https:\/\/api.w.org\/{rel}","templated":true}]}}