{"id":557,"date":"2012-03-10T21:19:53","date_gmt":"2012-03-10T19:19:53","guid":{"rendered":"https:\/\/samibeachvillas.gr\/newsite\/?page_id=557"},"modified":"2022-05-17T19:25:14","modified_gmt":"2022-05-17T16:25:14","slug":"wie-sie-uns-erreichen","status":"publish","type":"page","link":"https:\/\/samibeachvillas.gr\/de\/wie-sie-uns-erreichen\/","title":{"rendered":"Wie man dorthin kommt"},"content":{"rendered":"<h4>Wie Sie uns erreichen:<\/h4>\n<p><iframe loading=\"lazy\" style=\"border: 0;\" src=\"https:\/\/www.google.com\/maps\/embed?pb=!1m18!1m12!1m3!1d3133.213798567582!2d20.631177314633103!3d38.25134719237107!2m3!1f0!2f0!3f0!3m2!1i1024!2i768!4f13.1!3m3!1m2!1s0x135d8dcec2673133%3A0x44dac0ed56dc838b!2sSamiBeachVillas!5e0!3m2!1sen!2sus!4v1521928535800\" width=\"800\" height=\"400\" frameborder=\"0\" allowfullscreen=\"allowfullscreen\"><\/iframe><\/p>\n<ul>\n<li style=\"list-style-type: none;\">\n<ul>\n<li>\u00a0<strong>a.<\/strong>\u00a0Sie k\u00f6nnen mit dem Flugzeug anreisen. Argostoli Flughafen ist 34 km. von Sami Beach Villas. Sie k\u00f6nnen ein Auto vom Flughafen mieten, oder wir k\u00f6nnen f\u00fcr Sie ein Taxi 55,00 \u20ac versenden<\/li>\n<li><strong>b.<\/strong>\u00a0Sami ist der wichtigste Hafen, aus dem die Sami Beach Villas 1.2 km entfernt liegt. W\u00e4hrend ein Auto wird empfohlen, ist es nicht notwendig, um Ihren Urlaub genie\u00dfen<strong>c.<\/strong>SamiBeachVillas Koordinaten in Google Maps anzeigen:<span style=\"text-decoration: underline; color: #0000ff;\"> <a href=\"https:\/\/www.google.com\/maps\/place\/38%C2%B015'04.3%22N+20%C2%B038'00.1%22E\/@38.2512012,20.631159,546m\/data=!3m2!1e3!4b1!4m5!3m4!1s0x0:0xb4b739b15e0d8a7b!8m2!3d38.251197!4d20.633353?hl=en\" target=\"_blank\" rel=\"noopener\"><span style=\"color: #0000ff;\">38.251197, 20.633353<\/span><\/a><\/span><\/li>\n<\/ul>\n<\/li>\n<\/ul>\n","protected":false},"excerpt":{"rendered":"<p>Wie Sie uns erreichen: \u00a0a.\u00a0Sie k\u00f6nnen mit dem Flugzeug anreisen. Argostoli Flughafen ist 34 km. von Sami Beach Villas. Sie k\u00f6nnen ein Auto vom Flughafen mieten, oder wir k\u00f6nnen f\u00fcr Sie ein Taxi 55,00 \u20ac versenden b.\u00a0Sami ist der wichtigste Hafen, aus dem die Sami Beach Villas 1.2 km entfernt liegt. W\u00e4hrend ein Auto wird &hellip; <a href=\"https:\/\/samibeachvillas.gr\/de\/wie-sie-uns-erreichen\/\" class=\"more-link\">Continue reading<span class=\"screen-reader-text\"> &#8222;Wie man dorthin kommt&#8220;<\/span><\/a><\/p>\n","protected":false},"author":1,"featured_media":6564,"parent":0,"menu_order":0,"comment_status":"open","ping_status":"open","template":"","meta":{"footnotes":""},"class_list":["post-557","page","type-page","status-publish","has-post-thumbnail","hentry"],"aioseo_notices":[],"_links":{"self":[{"href":"https:\/\/samibeachvillas.gr\/de\/wp-json\/wp\/v2\/pages\/557","targetHints":{"allow":["GET"]}}],"collection":[{"href":"https:\/\/samibeachvillas.gr\/de\/wp-json\/wp\/v2\/pages"}],"about":[{"href":"https:\/\/samibeachvillas.gr\/de\/wp-json\/wp\/v2\/types\/page"}],"author":[{"embeddable":true,"href":"https:\/\/samibeachvillas.gr\/de\/wp-json\/wp\/v2\/users\/1"}],"replies":[{"embeddable":true,"href":"https:\/\/samibeachvillas.gr\/de\/wp-json\/wp\/v2\/comments?post=557"}],"version-history":[{"count":4,"href":"https:\/\/samibeachvillas.gr\/de\/wp-json\/wp\/v2\/pages\/557\/revisions"}],"predecessor-version":[{"id":7895,"href":"https:\/\/samibeachvillas.gr\/de\/wp-json\/wp\/v2\/pages\/557\/revisions\/7895"}],"wp:featuredmedia":[{"embeddable":true,"href":"https:\/\/samibeachvillas.gr\/de\/wp-json\/wp\/v2\/media\/6564"}],"wp:attachment":[{"href":"https:\/\/samibeachvillas.gr\/de\/wp-json\/wp\/v2\/media?parent=557"}],"curies":[{"name":"wp","href":"https:\/\/api.w.org\/{rel}","templated":true}]}}