{"id":567,"date":"2012-03-10T21:22:46","date_gmt":"2012-03-10T19:22:46","guid":{"rendered":"https:\/\/samibeachvillas.gr\/newsite\/?page_id=567"},"modified":"2018-04-20T23:45:51","modified_gmt":"2018-04-20T20:45:51","slug":"strnde","status":"publish","type":"page","link":"https:\/\/samibeachvillas.gr\/de\/strnde\/","title":{"rendered":"Str\u00e4nde"},"content":{"rendered":"<table border=\"0\" cellspacing=\"0\" cellpadding=\"0\">\n<tbody>\n<tr>\n<td><strong>Agia Paraskeui<\/strong>: Dies ist die gr\u00f6\u00dfte einer Reihe von sch\u00f6nen Buchten auf dem Weg von Karavomylos der Stadt Agia Efimia in der benachbarten Gemeinde Pylaros gefunden.<strong>Sami &#8211; Karavomylos<\/strong>: Eine ununterbrochene K\u00fcste verbindet die Stadt Sami Karavomylos. Das gesamte Gebiet ist ideal zum Schwimmen, w\u00e4hrend das Wasser sauber sind au\u00dfergew\u00f6hnlich und der Strand selbst wechselt von Sand zu Kies-und wieder geeignet und bietet Abwechslung f\u00fcr jeden Geschmack.<\/p>\n<p><strong>Paliouras<\/strong>: Aufbruch von der Stadt Sami in Richtung Antisamos Beach, sto\u00dfen wir auf ein paar malerischen Buchten, wie z. B. Paliouras, da\u00df mit dem Boot oder Gehwegen zug\u00e4nglich sind.<\/p>\n<p><strong>Antisamos<\/strong>: Von diesem Jahrgang Lage, ist der Blick auf die Emerald Beach ein \u00fcberw\u00e4ltigendes Erlebnis f\u00fcr die Sinne, jede einzelne Zeit. Das t\u00fcrkisfarbene Wasser des Ionischen Meeres erreichen, um die unglaublich wei\u00dfen Kieselsteinen, die wiederum gehen \u00fcber in die wundersch\u00f6ne gr\u00fcne Landschaft rund um den Berg zu umarmen.\u00a0<strong><br \/>\n<\/strong><br \/>\n<span class=\"Apple-style-span\" style=\"font-weight: 800;\"><em>Das Resort liegt in ruhiger, l\u00e4ndlicher Umgebung liegt nur 30 Meter vom Strand und 1 km vom touristischen Zentrum von Sami. Es ist geschaffen f\u00fcr einen Urlaub in einer freundlichen Umgebung bieten, in einem Gebiet von seltener nat\u00fcrlicher Sch\u00f6nheit.<br \/>\n<\/em><\/span><\/td>\n<\/tr>\n<\/tbody>\n<\/table>\n<style type=\"text\/css\">\n#foogallery-gallery-2296 .fg-image { width: 200px; }\n#foogallery-gallery-2296 { --fg-gutter: 5px; }<\/style>\n\t\t\t<div class=\"foogallery foogallery-container foogallery-default foogallery-lightbox-foobox fg-center fg-default fg-ready fg-light fg-border-thin fg-round-medium fg-shadow-small fg-loading-default fg-loaded-fade-in fg-hover-scale fg-caption-hover fg-hover-fade fg-hover-zoom\" id=\"foogallery-gallery-2296\" data-foogallery=\"{&quot;item&quot;:{&quot;showCaptionTitle&quot;:true,&quot;showCaptionDescription&quot;:true},&quot;lazy&quot;:true}\" style=\"--fg-title-line-clamp: 0; --fg-description-line-clamp: 0;\" >\n\t<div class=\"fg-item fg-type-image fg-idle\"><figure class=\"fg-item-inner\"><a href=\"https:\/\/samibeachvillas.gr\/wp-content\/uploads\/2018\/04\/1_kefalonia_beach.jpg\" data-attachment-id=\"6237\" data-type=\"image\" class=\"fg-thumb\"><span class=\"fg-image-wrap\"><img decoding=\"async\" width=\"200\" height=\"200\" class=\"skip-lazy fg-image\" data-src-fg=\"https:\/\/samibeachvillas.gr\/wp-content\/uploads\/cache\/2018\/04\/1_kefalonia_beach\/2649353367.jpg\" data-srcset-fg=\"https:\/\/samibeachvillas.gr\/wp-content\/uploads\/cache\/2018\/04\/1_kefalonia_beach\/1883423211.jpg 2x\" src=\"data:image\/svg+xml,%3Csvg%20xmlns%3D%22http%3A%2F%2Fwww.w3.org%2F2000%2Fsvg%22%20width%3D%22200%22%20height%3D%22200%22%20viewBox%3D%220%200%20200%20200%22%3E%3C%2Fsvg%3E\" loading=\"eager\"><\/span><span class=\"fg-image-overlay\"><\/span><\/a><\/figure><div class=\"fg-loader\"><\/div><\/div><div class=\"fg-item fg-type-image fg-idle\"><figure class=\"fg-item-inner\"><a href=\"https:\/\/samibeachvillas.gr\/wp-content\/uploads\/2018\/04\/2_kefalonia_beach.jpg\" data-attachment-id=\"6240\" data-type=\"image\" class=\"fg-thumb\"><span class=\"fg-image-wrap\"><img decoding=\"async\" width=\"200\" height=\"200\" class=\"skip-lazy fg-image\" data-src-fg=\"https:\/\/samibeachvillas.gr\/wp-content\/uploads\/cache\/2018\/04\/2_kefalonia_beach\/3992149362.jpg\" data-srcset-fg=\"https:\/\/samibeachvillas.gr\/wp-content\/uploads\/cache\/2018\/04\/2_kefalonia_beach\/5795854.jpg 2x\" src=\"data:image\/svg+xml,%3Csvg%20xmlns%3D%22http%3A%2F%2Fwww.w3.org%2F2000%2Fsvg%22%20width%3D%22200%22%20height%3D%22200%22%20viewBox%3D%220%200%20200%20200%22%3E%3C%2Fsvg%3E\" loading=\"eager\"><\/span><span class=\"fg-image-overlay\"><\/span><\/a><\/figure><div class=\"fg-loader\"><\/div><\/div><div class=\"fg-item fg-type-image fg-idle\"><figure class=\"fg-item-inner\"><a href=\"https:\/\/samibeachvillas.gr\/wp-content\/uploads\/2018\/04\/11_kefalonia_beach.jpg\" data-attachment-id=\"6267\" data-type=\"image\" class=\"fg-thumb\"><span class=\"fg-image-wrap\"><img decoding=\"async\" width=\"200\" height=\"200\" class=\"skip-lazy fg-image\" data-src-fg=\"https:\/\/samibeachvillas.gr\/wp-content\/uploads\/cache\/2018\/04\/11_kefalonia_beach\/448058255.jpg\" data-srcset-fg=\"https:\/\/samibeachvillas.gr\/wp-content\/uploads\/cache\/2018\/04\/11_kefalonia_beach\/1139426741.jpg 2x\" src=\"data:image\/svg+xml,%3Csvg%20xmlns%3D%22http%3A%2F%2Fwww.w3.org%2F2000%2Fsvg%22%20width%3D%22200%22%20height%3D%22200%22%20viewBox%3D%220%200%20200%20200%22%3E%3C%2Fsvg%3E\" loading=\"eager\"><\/span><span class=\"fg-image-overlay\"><\/span><\/a><\/figure><div class=\"fg-loader\"><\/div><\/div><div class=\"fg-item fg-type-image fg-idle\"><figure class=\"fg-item-inner\"><a href=\"https:\/\/samibeachvillas.gr\/wp-content\/uploads\/2018\/04\/5_kefalonia_beach.jpg\" data-attachment-id=\"6249\" data-type=\"image\" class=\"fg-thumb\"><span class=\"fg-image-wrap\"><img decoding=\"async\" width=\"200\" height=\"200\" class=\"skip-lazy fg-image\" data-src-fg=\"https:\/\/samibeachvillas.gr\/wp-content\/uploads\/cache\/2018\/04\/5_kefalonia_beach\/2035260266.jpg\" data-srcset-fg=\"https:\/\/samibeachvillas.gr\/wp-content\/uploads\/cache\/2018\/04\/5_kefalonia_beach\/2498016790.jpg 2x\" src=\"data:image\/svg+xml,%3Csvg%20xmlns%3D%22http%3A%2F%2Fwww.w3.org%2F2000%2Fsvg%22%20width%3D%22200%22%20height%3D%22200%22%20viewBox%3D%220%200%20200%20200%22%3E%3C%2Fsvg%3E\" loading=\"eager\"><\/span><span class=\"fg-image-overlay\"><\/span><\/a><\/figure><div class=\"fg-loader\"><\/div><\/div><div class=\"fg-item fg-type-image fg-idle\"><figure class=\"fg-item-inner\"><a href=\"https:\/\/samibeachvillas.gr\/wp-content\/uploads\/2018\/04\/6_kefalonia_beach.jpg\" data-attachment-id=\"6252\" data-type=\"image\" class=\"fg-thumb\"><span class=\"fg-image-wrap\"><img decoding=\"async\" width=\"200\" height=\"200\" class=\"skip-lazy fg-image\" data-src-fg=\"https:\/\/samibeachvillas.gr\/wp-content\/uploads\/cache\/2018\/04\/6_kefalonia_beach\/2963487611.jpg\" data-srcset-fg=\"https:\/\/samibeachvillas.gr\/wp-content\/uploads\/cache\/2018\/04\/6_kefalonia_beach\/1560811015.jpg 2x\" src=\"data:image\/svg+xml,%3Csvg%20xmlns%3D%22http%3A%2F%2Fwww.w3.org%2F2000%2Fsvg%22%20width%3D%22200%22%20height%3D%22200%22%20viewBox%3D%220%200%20200%20200%22%3E%3C%2Fsvg%3E\" loading=\"eager\"><\/span><span class=\"fg-image-overlay\"><\/span><\/a><\/figure><div class=\"fg-loader\"><\/div><\/div><div class=\"fg-item fg-type-image fg-idle\"><figure class=\"fg-item-inner\"><a href=\"https:\/\/samibeachvillas.gr\/wp-content\/uploads\/2018\/04\/13_kefalonia_beach.jpg\" data-attachment-id=\"6273\" data-type=\"image\" class=\"fg-thumb\"><span class=\"fg-image-wrap\"><img decoding=\"async\" width=\"200\" height=\"200\" class=\"skip-lazy fg-image\" data-src-fg=\"https:\/\/samibeachvillas.gr\/wp-content\/uploads\/cache\/2018\/04\/13_kefalonia_beach\/3712320388.jpg\" data-srcset-fg=\"https:\/\/samibeachvillas.gr\/wp-content\/uploads\/cache\/2018\/04\/13_kefalonia_beach\/2216367550.jpg 2x\" src=\"data:image\/svg+xml,%3Csvg%20xmlns%3D%22http%3A%2F%2Fwww.w3.org%2F2000%2Fsvg%22%20width%3D%22200%22%20height%3D%22200%22%20viewBox%3D%220%200%20200%20200%22%3E%3C%2Fsvg%3E\" loading=\"eager\"><\/span><span class=\"fg-image-overlay\"><\/span><\/a><\/figure><div class=\"fg-loader\"><\/div><\/div><div class=\"fg-item fg-type-image fg-idle\"><figure class=\"fg-item-inner\"><a href=\"https:\/\/samibeachvillas.gr\/wp-content\/uploads\/2018\/04\/7_kefalonia_beach.jpg\" data-attachment-id=\"6255\" data-type=\"image\" class=\"fg-thumb\"><span class=\"fg-image-wrap\"><img decoding=\"async\" width=\"200\" height=\"200\" class=\"skip-lazy fg-image\" data-src-fg=\"https:\/\/samibeachvillas.gr\/wp-content\/uploads\/cache\/2018\/04\/7_kefalonia_beach\/1390801273.jpg\" data-srcset-fg=\"https:\/\/samibeachvillas.gr\/wp-content\/uploads\/cache\/2018\/04\/7_kefalonia_beach\/3209616389.jpg 2x\" src=\"data:image\/svg+xml,%3Csvg%20xmlns%3D%22http%3A%2F%2Fwww.w3.org%2F2000%2Fsvg%22%20width%3D%22200%22%20height%3D%22200%22%20viewBox%3D%220%200%20200%20200%22%3E%3C%2Fsvg%3E\" loading=\"eager\"><\/span><span class=\"fg-image-overlay\"><\/span><\/a><\/figure><div class=\"fg-loader\"><\/div><\/div><div class=\"fg-item fg-type-image fg-idle\"><figure class=\"fg-item-inner\"><a href=\"https:\/\/samibeachvillas.gr\/wp-content\/uploads\/2018\/04\/8_kefalonia_beach.jpg\" data-attachment-id=\"6258\" data-type=\"image\" class=\"fg-thumb\"><span class=\"fg-image-wrap\"><img decoding=\"async\" width=\"200\" height=\"200\" class=\"skip-lazy fg-image\" data-src-fg=\"https:\/\/samibeachvillas.gr\/wp-content\/uploads\/cache\/2018\/04\/8_kefalonia_beach\/145485464.jpg\" data-srcset-fg=\"https:\/\/samibeachvillas.gr\/wp-content\/uploads\/cache\/2018\/04\/8_kefalonia_beach\/3842032612.jpg 2x\" src=\"data:image\/svg+xml,%3Csvg%20xmlns%3D%22http%3A%2F%2Fwww.w3.org%2F2000%2Fsvg%22%20width%3D%22200%22%20height%3D%22200%22%20viewBox%3D%220%200%20200%20200%22%3E%3C%2Fsvg%3E\" loading=\"eager\"><\/span><span class=\"fg-image-overlay\"><\/span><\/a><\/figure><div class=\"fg-loader\"><\/div><\/div><div class=\"fg-item fg-type-image fg-idle\"><figure class=\"fg-item-inner\"><a href=\"https:\/\/samibeachvillas.gr\/wp-content\/uploads\/2018\/04\/9_kefalonia_beach.jpg\" data-attachment-id=\"6261\" data-type=\"image\" class=\"fg-thumb\"><span class=\"fg-image-wrap\"><img decoding=\"async\" width=\"200\" height=\"200\" class=\"skip-lazy fg-image\" data-src-fg=\"https:\/\/samibeachvillas.gr\/wp-content\/uploads\/cache\/2018\/04\/9_kefalonia_beach\/2414470894.jpg\" data-srcset-fg=\"https:\/\/samibeachvillas.gr\/wp-content\/uploads\/cache\/2018\/04\/9_kefalonia_beach\/1648544658.jpg 2x\" src=\"data:image\/svg+xml,%3Csvg%20xmlns%3D%22http%3A%2F%2Fwww.w3.org%2F2000%2Fsvg%22%20width%3D%22200%22%20height%3D%22200%22%20viewBox%3D%220%200%20200%20200%22%3E%3C%2Fsvg%3E\" loading=\"eager\"><\/span><span class=\"fg-image-overlay\"><\/span><\/a><\/figure><div class=\"fg-loader\"><\/div><\/div><div class=\"fg-item fg-type-image fg-idle\"><figure class=\"fg-item-inner\"><a href=\"https:\/\/samibeachvillas.gr\/wp-content\/uploads\/2018\/04\/10_kefalonia_beach.jpg\" data-attachment-id=\"6264\" data-type=\"image\" class=\"fg-thumb\"><span class=\"fg-image-wrap\"><img decoding=\"async\" width=\"200\" height=\"200\" class=\"skip-lazy fg-image\" data-src-fg=\"https:\/\/samibeachvillas.gr\/wp-content\/uploads\/cache\/2018\/04\/10_kefalonia_beach\/944908950.jpg\" data-srcset-fg=\"https:\/\/samibeachvillas.gr\/wp-content\/uploads\/cache\/2018\/04\/10_kefalonia_beach\/1628224684.jpg 2x\" src=\"data:image\/svg+xml,%3Csvg%20xmlns%3D%22http%3A%2F%2Fwww.w3.org%2F2000%2Fsvg%22%20width%3D%22200%22%20height%3D%22200%22%20viewBox%3D%220%200%20200%20200%22%3E%3C%2Fsvg%3E\" loading=\"eager\"><\/span><span class=\"fg-image-overlay\"><\/span><\/a><\/figure><div class=\"fg-loader\"><\/div><\/div><div class=\"fg-item fg-type-image fg-idle\"><figure class=\"fg-item-inner\"><a href=\"https:\/\/samibeachvillas.gr\/wp-content\/uploads\/2018\/04\/12_kefalonia_beach.jpg\" data-attachment-id=\"6270\" data-type=\"image\" class=\"fg-thumb\"><span class=\"fg-image-wrap\"><img decoding=\"async\" width=\"200\" height=\"200\" class=\"skip-lazy fg-image\" data-src-fg=\"https:\/\/samibeachvillas.gr\/wp-content\/uploads\/cache\/2018\/04\/12_kefalonia_beach\/4288903837.jpg\" data-srcset-fg=\"https:\/\/samibeachvillas.gr\/wp-content\/uploads\/cache\/2018\/04\/12_kefalonia_beach\/2801659047.jpg 2x\" src=\"data:image\/svg+xml,%3Csvg%20xmlns%3D%22http%3A%2F%2Fwww.w3.org%2F2000%2Fsvg%22%20width%3D%22200%22%20height%3D%22200%22%20viewBox%3D%220%200%20200%20200%22%3E%3C%2Fsvg%3E\" loading=\"eager\"><\/span><span class=\"fg-image-overlay\"><\/span><\/a><\/figure><div class=\"fg-loader\"><\/div><\/div><div class=\"fg-item fg-type-image fg-idle\"><figure class=\"fg-item-inner\"><a href=\"https:\/\/samibeachvillas.gr\/wp-content\/uploads\/2018\/04\/14_kefalonia_beach.jpg\" data-attachment-id=\"6276\" data-type=\"image\" class=\"fg-thumb\"><span class=\"fg-image-wrap\"><img decoding=\"async\" width=\"200\" height=\"200\" class=\"skip-lazy fg-image\" data-src-fg=\"https:\/\/samibeachvillas.gr\/wp-content\/uploads\/cache\/2018\/04\/14_kefalonia_beach\/3546814192.jpg\" data-srcset-fg=\"https:\/\/samibeachvillas.gr\/wp-content\/uploads\/cache\/2018\/04\/14_kefalonia_beach\/2318827722.jpg 2x\" src=\"data:image\/svg+xml,%3Csvg%20xmlns%3D%22http%3A%2F%2Fwww.w3.org%2F2000%2Fsvg%22%20width%3D%22200%22%20height%3D%22200%22%20viewBox%3D%220%200%20200%20200%22%3E%3C%2Fsvg%3E\" loading=\"eager\"><\/span><span class=\"fg-image-overlay\"><\/span><\/a><\/figure><div class=\"fg-loader\"><\/div><\/div><div class=\"fg-item fg-type-image fg-idle\"><figure class=\"fg-item-inner\"><a href=\"https:\/\/samibeachvillas.gr\/wp-content\/uploads\/2018\/04\/15_kefalonia_beach.jpg\" data-attachment-id=\"6279\" data-type=\"image\" class=\"fg-thumb\"><span class=\"fg-image-wrap\"><img decoding=\"async\" width=\"200\" height=\"200\" class=\"skip-lazy fg-image\" data-src-fg=\"https:\/\/samibeachvillas.gr\/wp-content\/uploads\/cache\/2018\/04\/15_kefalonia_beach\/320050642.jpg\" data-srcset-fg=\"https:\/\/samibeachvillas.gr\/wp-content\/uploads\/cache\/2018\/04\/15_kefalonia_beach\/1246561256.jpg 2x\" src=\"data:image\/svg+xml,%3Csvg%20xmlns%3D%22http%3A%2F%2Fwww.w3.org%2F2000%2Fsvg%22%20width%3D%22200%22%20height%3D%22200%22%20viewBox%3D%220%200%20200%20200%22%3E%3C%2Fsvg%3E\" loading=\"eager\"><\/span><span class=\"fg-image-overlay\"><\/span><\/a><\/figure><div class=\"fg-loader\"><\/div><\/div><div class=\"fg-item fg-type-image fg-idle\"><figure class=\"fg-item-inner\"><a href=\"https:\/\/samibeachvillas.gr\/wp-content\/uploads\/2018\/04\/16_kefalonia_beach.jpg\" data-attachment-id=\"6282\" data-type=\"image\" class=\"fg-thumb\"><span class=\"fg-image-wrap\"><img decoding=\"async\" width=\"200\" height=\"200\" class=\"skip-lazy fg-image\" data-src-fg=\"https:\/\/samibeachvillas.gr\/wp-content\/uploads\/cache\/2018\/04\/16_kefalonia_beach\/2463914816.jpg\" data-srcset-fg=\"https:\/\/samibeachvillas.gr\/wp-content\/uploads\/cache\/2018\/04\/16_kefalonia_beach\/3414347130.jpg 2x\" src=\"data:image\/svg+xml,%3Csvg%20xmlns%3D%22http%3A%2F%2Fwww.w3.org%2F2000%2Fsvg%22%20width%3D%22200%22%20height%3D%22200%22%20viewBox%3D%220%200%20200%20200%22%3E%3C%2Fsvg%3E\" loading=\"eager\"><\/span><span class=\"fg-image-overlay\"><\/span><\/a><\/figure><div class=\"fg-loader\"><\/div><\/div><div class=\"fg-item fg-type-image fg-idle\"><figure class=\"fg-item-inner\"><a href=\"https:\/\/samibeachvillas.gr\/wp-content\/uploads\/2018\/04\/17_kefalonia_beach.jpg\" data-attachment-id=\"6285\" data-type=\"image\" class=\"fg-thumb\"><span class=\"fg-image-wrap\"><img decoding=\"async\" width=\"200\" height=\"200\" class=\"skip-lazy fg-image\" data-src-fg=\"https:\/\/samibeachvillas.gr\/wp-content\/uploads\/cache\/2018\/04\/17_kefalonia_beach\/1486784911.jpg\" data-srcset-fg=\"https:\/\/samibeachvillas.gr\/wp-content\/uploads\/cache\/2018\/04\/17_kefalonia_beach\/29368245.jpg 2x\" src=\"data:image\/svg+xml,%3Csvg%20xmlns%3D%22http%3A%2F%2Fwww.w3.org%2F2000%2Fsvg%22%20width%3D%22200%22%20height%3D%22200%22%20viewBox%3D%220%200%20200%20200%22%3E%3C%2Fsvg%3E\" loading=\"eager\"><\/span><span class=\"fg-image-overlay\"><\/span><\/a><\/figure><div class=\"fg-loader\"><\/div><\/div><div class=\"fg-item fg-type-image fg-idle\"><figure class=\"fg-item-inner\"><a href=\"https:\/\/samibeachvillas.gr\/wp-content\/uploads\/2018\/04\/21_kefalonia_beach.jpg\" data-attachment-id=\"6297\" data-type=\"image\" class=\"fg-thumb\"><span class=\"fg-image-wrap\"><img decoding=\"async\" width=\"200\" height=\"200\" class=\"skip-lazy fg-image\" data-src-fg=\"https:\/\/samibeachvillas.gr\/wp-content\/uploads\/cache\/2018\/04\/21_kefalonia_beach\/1601359797.jpg\" data-srcset-fg=\"https:\/\/samibeachvillas.gr\/wp-content\/uploads\/cache\/2018\/04\/21_kefalonia_beach\/103569807.jpg 2x\" src=\"data:image\/svg+xml,%3Csvg%20xmlns%3D%22http%3A%2F%2Fwww.w3.org%2F2000%2Fsvg%22%20width%3D%22200%22%20height%3D%22200%22%20viewBox%3D%220%200%20200%20200%22%3E%3C%2Fsvg%3E\" loading=\"eager\"><\/span><span class=\"fg-image-overlay\"><\/span><\/a><\/figure><div class=\"fg-loader\"><\/div><\/div><div class=\"fg-item fg-type-image fg-idle\"><figure class=\"fg-item-inner\"><a href=\"https:\/\/samibeachvillas.gr\/wp-content\/uploads\/2018\/04\/34_kefalonia_beach.jpg\" data-attachment-id=\"6336\" data-type=\"image\" class=\"fg-thumb\"><span class=\"fg-image-wrap\"><img decoding=\"async\" width=\"200\" height=\"200\" class=\"skip-lazy fg-image\" data-src-fg=\"https:\/\/samibeachvillas.gr\/wp-content\/uploads\/cache\/2018\/04\/34_kefalonia_beach\/1149058600.jpg\" data-srcset-fg=\"https:\/\/samibeachvillas.gr\/wp-content\/uploads\/cache\/2018\/04\/34_kefalonia_beach\/488876050.jpg 2x\" src=\"data:image\/svg+xml,%3Csvg%20xmlns%3D%22http%3A%2F%2Fwww.w3.org%2F2000%2Fsvg%22%20width%3D%22200%22%20height%3D%22200%22%20viewBox%3D%220%200%20200%20200%22%3E%3C%2Fsvg%3E\" loading=\"eager\"><\/span><span class=\"fg-image-overlay\"><\/span><\/a><\/figure><div class=\"fg-loader\"><\/div><\/div><div class=\"fg-item fg-type-image fg-idle\"><figure class=\"fg-item-inner\"><a href=\"https:\/\/samibeachvillas.gr\/wp-content\/uploads\/2018\/04\/35_kefalonia_beach.jpg\" data-attachment-id=\"6339\" data-type=\"image\" class=\"fg-thumb\"><span class=\"fg-image-wrap\"><img decoding=\"async\" width=\"200\" height=\"200\" class=\"skip-lazy fg-image\" data-src-fg=\"https:\/\/samibeachvillas.gr\/wp-content\/uploads\/cache\/2018\/04\/35_kefalonia_beach\/2215034122.jpg\" data-srcset-fg=\"https:\/\/samibeachvillas.gr\/wp-content\/uploads\/cache\/2018\/04\/35_kefalonia_beach\/3713542960.jpg 2x\" src=\"data:image\/svg+xml,%3Csvg%20xmlns%3D%22http%3A%2F%2Fwww.w3.org%2F2000%2Fsvg%22%20width%3D%22200%22%20height%3D%22200%22%20viewBox%3D%220%200%20200%20200%22%3E%3C%2Fsvg%3E\" loading=\"eager\"><\/span><span class=\"fg-image-overlay\"><\/span><\/a><\/figure><div class=\"fg-loader\"><\/div><\/div><div class=\"fg-item fg-type-image fg-idle\"><figure class=\"fg-item-inner\"><a href=\"https:\/\/samibeachvillas.gr\/wp-content\/uploads\/2018\/04\/36_kefalonia_beach.jpg\" data-attachment-id=\"6342\" data-type=\"image\" class=\"fg-thumb\"><span class=\"fg-image-wrap\"><img decoding=\"async\" width=\"200\" height=\"200\" class=\"skip-lazy fg-image\" data-src-fg=\"https:\/\/samibeachvillas.gr\/wp-content\/uploads\/cache\/2018\/04\/36_kefalonia_beach\/3682128908.jpg\" data-srcset-fg=\"https:\/\/samibeachvillas.gr\/wp-content\/uploads\/cache\/2018\/04\/36_kefalonia_beach\/2183545398.jpg 2x\" src=\"data:image\/svg+xml,%3Csvg%20xmlns%3D%22http%3A%2F%2Fwww.w3.org%2F2000%2Fsvg%22%20width%3D%22200%22%20height%3D%22200%22%20viewBox%3D%220%200%20200%20200%22%3E%3C%2Fsvg%3E\" loading=\"eager\"><\/span><span class=\"fg-image-overlay\"><\/span><\/a><\/figure><div class=\"fg-loader\"><\/div><\/div><\/div>\n\n","protected":false},"excerpt":{"rendered":"<p>Agia Paraskeui: Dies ist die gr\u00f6\u00dfte einer Reihe von sch\u00f6nen Buchten auf dem Weg von Karavomylos der Stadt Agia Efimia in der benachbarten Gemeinde Pylaros gefunden.Sami &#8211; Karavomylos: Eine ununterbrochene K\u00fcste verbindet die Stadt Sami Karavomylos. Das gesamte Gebiet ist ideal zum Schwimmen, w\u00e4hrend das Wasser sauber sind au\u00dfergew\u00f6hnlich und der Strand selbst wechselt von &hellip; <a href=\"https:\/\/samibeachvillas.gr\/de\/strnde\/\" class=\"more-link\">Continue reading<span class=\"screen-reader-text\"> &#8222;Str\u00e4nde&#8220;<\/span><\/a><\/p>\n","protected":false},"author":1,"featured_media":6552,"parent":0,"menu_order":0,"comment_status":"open","ping_status":"open","template":"","meta":{"footnotes":""},"class_list":["post-567","page","type-page","status-publish","has-post-thumbnail","hentry"],"aioseo_notices":[],"_links":{"self":[{"href":"https:\/\/samibeachvillas.gr\/de\/wp-json\/wp\/v2\/pages\/567","targetHints":{"allow":["GET"]}}],"collection":[{"href":"https:\/\/samibeachvillas.gr\/de\/wp-json\/wp\/v2\/pages"}],"about":[{"href":"https:\/\/samibeachvillas.gr\/de\/wp-json\/wp\/v2\/types\/page"}],"author":[{"embeddable":true,"href":"https:\/\/samibeachvillas.gr\/de\/wp-json\/wp\/v2\/users\/1"}],"replies":[{"embeddable":true,"href":"https:\/\/samibeachvillas.gr\/de\/wp-json\/wp\/v2\/comments?post=567"}],"version-history":[{"count":5,"href":"https:\/\/samibeachvillas.gr\/de\/wp-json\/wp\/v2\/pages\/567\/revisions"}],"predecessor-version":[{"id":2335,"href":"https:\/\/samibeachvillas.gr\/de\/wp-json\/wp\/v2\/pages\/567\/revisions\/2335"}],"wp:featuredmedia":[{"embeddable":true,"href":"https:\/\/samibeachvillas.gr\/de\/wp-json\/wp\/v2\/media\/6552"}],"wp:attachment":[{"href":"https:\/\/samibeachvillas.gr\/de\/wp-json\/wp\/v2\/media?parent=567"}],"curies":[{"name":"wp","href":"https:\/\/api.w.org\/{rel}","templated":true}]}}