{"id":7696,"date":"2022-01-18T21:12:01","date_gmt":"2022-01-18T19:12:01","guid":{"rendered":"https:\/\/samibeachvillas.gr\/welcome-to-sami-beach-villas-kefalonia\/"},"modified":"2022-02-10T20:58:45","modified_gmt":"2022-02-10T18:58:45","slug":"welcome-to-sami-beach-villas-kefalonia","status":"publish","type":"page","link":"https:\/\/samibeachvillas.gr\/de\/","title":{"rendered":"Herzlich willkommen  Sami Beach Villas"},"content":{"rendered":"<p>Sami Beach Villas ist ein kleiner Komplex von vier Villen, die im Jahr 2009 komplett unabh\u00e4ngig voneinander gebaut wurden und stilvoll mit privaten Pools ausgestattet sind.<\/p>\n<p>Das Hotel liegt nur 50 m vom Meer entfernt im Dorf Karavomylos, Bezirk Sami auf der Ostseite von Kefalonia. Kefalonia ist die gr\u00f6\u00dfte der Ionischen Inseln und liegt in den blau-gr\u00fcnen Gew\u00e4ssern des Ionischen Meeres. <\/p>\n<table>\n<tr>\n<td>\n<p><div class=\"mphb_sc_room-wrapper \"><div class=\"mphb-room-type post-1943 mphb_room_type type-mphb_room_type status-publish has-post-thumbnail mphb-room-type-adults-2 mphb-room-type-children-2 \">\n\n\t\n\t\n\n\t<p class=\"post-thumbnail mphb-loop-room-thumbnail\">\n\t<a href=\"https:\/\/samibeachvillas.gr\/de\/accommodation\/villa-nefelli\/\">\n\t<img loading=\"lazy\" decoding=\"async\" width=\"840\" height=\"560\" src=\"https:\/\/samibeachvillas.gr\/wp-content\/uploads\/2022\/03\/dji_0801_sami_kefalonia-840x560.jpg\" class=\"attachment-oceanica-thumb-medium size-oceanica-thumb-medium wp-post-image\" alt=\"\" \/>\t<\/a>\n\n\t<\/p>\n\n<h2 class=\"mphb-room-type-title entry-title\">\n\n<a class=\"mphb-room-type-title\" href=\"https:\/\/samibeachvillas.gr\/de\/accommodation\/villa-nefelli\/\">VILLA NEFELI<\/a>\n\n<\/h2>\n\n\t<p class=\"mphb-regular-price\"><strong>Preis von:<\/strong>\n\t<span class=\"mphb-price\"><span class=\"mphb-currency\">&euro;<\/span>120<\/span> <span class=\"mphb-price-period\" title=\"W\u00e4hlen Sie Daten, um relevante Preise zu sehen\">pro Nacht<\/span>\n\t<\/p>\n\t\n\t\n<\/div>\n<\/div>\n<\/td>\n<td>\n<div class=\"mphb_sc_room-wrapper \"><div class=\"mphb-room-type post-2032 mphb_room_type type-mphb_room_type status-publish has-post-thumbnail mphb-room-type-adults-4 mphb-room-type-children-2 \">\n\n\t\n\t\n\n\t<p class=\"post-thumbnail mphb-loop-room-thumbnail\">\n\t<a href=\"https:\/\/samibeachvillas.gr\/de\/accommodation\/villa-fedra-2\/\">\n\t<img loading=\"lazy\" decoding=\"async\" width=\"840\" height=\"560\" src=\"https:\/\/samibeachvillas.gr\/wp-content\/uploads\/2022\/01\/dji_0799_sami_kefalonia-840x560.jpg\" class=\"attachment-oceanica-thumb-medium size-oceanica-thumb-medium wp-post-image\" alt=\"\" \/>\t<\/a>\n\n\t<\/p>\n\n<h2 class=\"mphb-room-type-title entry-title\">\n\n<a class=\"mphb-room-type-title\" href=\"https:\/\/samibeachvillas.gr\/de\/accommodation\/villa-fedra-2\/\">VILLA FEDRA<\/a>\n\n<\/h2>\n\n\t<p class=\"mphb-regular-price\"><strong>Preis von:<\/strong>\n\t<span class=\"mphb-price\"><span class=\"mphb-currency\">&euro;<\/span>150<\/span> <span class=\"mphb-price-period\" title=\"W\u00e4hlen Sie Daten, um relevante Preise zu sehen\">pro Nacht<\/span>\n\t<\/p>\n\t\n\t\n<\/div>\n<\/div>\n<\/td>\n<\/tr>\n<tr>\n<td>\n<p><div class=\"mphb_sc_room-wrapper \"><div class=\"mphb-room-type post-2035 mphb_room_type type-mphb_room_type status-publish has-post-thumbnail mphb-room-type-adults-2 mphb-room-type-children-2 \">\n\n\t\n\t\n\n\t<p class=\"post-thumbnail mphb-loop-room-thumbnail\">\n\t<a href=\"https:\/\/samibeachvillas.gr\/de\/accommodation\/villa-thalia-2\/\">\n\t<img loading=\"lazy\" decoding=\"async\" width=\"840\" height=\"560\" src=\"https:\/\/samibeachvillas.gr\/wp-content\/uploads\/2022\/01\/dji_0795_sami_kefalonia-840x560.jpg\" class=\"attachment-oceanica-thumb-medium size-oceanica-thumb-medium wp-post-image\" alt=\"\" \/>\t<\/a>\n\n\t<\/p>\n\n<h2 class=\"mphb-room-type-title entry-title\">\n\n<a class=\"mphb-room-type-title\" href=\"https:\/\/samibeachvillas.gr\/de\/accommodation\/villa-thalia-2\/\">VILLA THALIA<\/a>\n\n<\/h2>\n\n\t<p class=\"mphb-regular-price\"><strong>Preis von:<\/strong>\n\t<span class=\"mphb-price\"><span class=\"mphb-currency\">&euro;<\/span>120<\/span> <span class=\"mphb-price-period\" title=\"W\u00e4hlen Sie Daten, um relevante Preise zu sehen\">pro Nacht<\/span>\n\t<\/p>\n\t\n\t\n<\/div>\n<\/div>\n<\/td>\n<td>\n<div class=\"mphb_sc_room-wrapper \"><div class=\"mphb-room-type post-2038 mphb_room_type type-mphb_room_type status-publish has-post-thumbnail mphb-room-type-adults-2 mphb-room-type-children-2 \">\n\n\t\n\t\n\n\t<p class=\"post-thumbnail mphb-loop-room-thumbnail\">\n\t<a href=\"https:\/\/samibeachvillas.gr\/de\/accommodation\/villa-dafni-2\/\">\n\t<img loading=\"lazy\" decoding=\"async\" width=\"840\" height=\"560\" src=\"https:\/\/samibeachvillas.gr\/wp-content\/uploads\/2022\/01\/dji_0800_sami_kefalonia-840x560.jpg\" class=\"attachment-oceanica-thumb-medium size-oceanica-thumb-medium wp-post-image\" alt=\"\" \/>\t<\/a>\n\n\t<\/p>\n\n<h2 class=\"mphb-room-type-title entry-title\">\n\n<a class=\"mphb-room-type-title\" href=\"https:\/\/samibeachvillas.gr\/de\/accommodation\/villa-dafni-2\/\">VILLA DAFNI<\/a>\n\n<\/h2>\n\n\t<p class=\"mphb-regular-price\"><strong>Preis von:<\/strong>\n\t<span class=\"mphb-price\"><span class=\"mphb-currency\">&euro;<\/span>120<\/span> <span class=\"mphb-price-period\" title=\"W\u00e4hlen Sie Daten, um relevante Preise zu sehen\">pro Nacht<\/span>\n\t<\/p>\n\t\n\t\n<\/div>\n<\/div>\n<\/td>\n<\/tr>\n<\/table>\n<header class=\"entry-header\">\n<h1 class=\"entry-title\">Verf\u00fcgbarkeit suchen<\/h1>\n<\/header>\n<div class=\"mphb_sc_search-wrapper \">\n<form method=\"GET\" class=\"mphb_sc_search-form\" action=\"https:\/\/samibeachvillas.gr\/search-results\/\" data-first_available_check_in_date=\"2026-05-11\">\n\n\t<p class = \"mphb-required-fields-tip\">\n\t<small>\n\t\tErforderliche Felder werden gefolgt von\t\t<abbr title=\"required\">*<\/abbr>\n\t<\/small>\n<\/p>\n\n\t<p class=\"mphb_sc_search-check-in-date\">\n\t\t<label for=\"mphb_check_in_date-mphb-search-form-69fc499f3e06d\">\n\t\t\tAnreise\t\t\t<abbr title=\"Formatiert als dd\/mm\/yyyy\">*<\/abbr>\n\t\t<\/label>\n\t\t<br \/>\n\t\t<input\n\t\t\tid=\"mphb_check_in_date-mphb-search-form-69fc499f3e06d\"\n\t\t\tdata-datepick-group=\"mphb-search-form-69fc499f3e06d\"\n\t\t\tvalue=\"\"\n\t\t\tplaceholder=\"Anreisedatum\"\n\t\t\trequired=\"required\"\n\t\t\ttype=\"text\"\n\t\t\tinputmode=\"none\"\n\t\t\tname=\"mphb_check_in_date\"\n\t\t\tclass=\"mphb-datepick\"\n\t\t\tautocomplete=\"off\"\n\t\t\t\/>\n\t<\/p>\n\n\t<p class=\"mphb_sc_search-check-out-date\">\n\t\t<label for=\"mphb_check_out_date-mphb-search-form-69fc499f3e06d\">\n\t\t\tAbreise\t\t\t<abbr title=\"Formatiert als dd\/mm\/yyyy\">*<\/abbr>\n\t\t<\/label>\n\t\t<br \/>\n\t\t<input\n\t\t\tid=\"mphb_check_out_date-mphb-search-form-69fc499f3e06d\"\n\t\t\tdata-datepick-group=\"mphb-search-form-69fc499f3e06d\"\n\t\t\tvalue=\"\"\n\t\t\tplaceholder=\"Abreisedatum\"\n\t\t\trequired=\"required\"\n\t\t\ttype=\"text\"\n\t\t\tinputmode=\"none\"\n\t\t\tname=\"mphb_check_out_date\"\n\t\t\tclass=\"mphb-datepick\"\n\t\t\tautocomplete=\"off\"\n\t\t\t\/>\n\t<\/p>\n\n\t\t\t<p class=\"mphb_sc_search-adults\">\n\t\t\t<label for=\"mphb_adults-mphb-search-form-69fc499f3e06d\">\n\t\t\t\tErwachsene\t\t\t<\/label>\n\t\t\t<br \/>\n\t\t\t<select id=\"mphb_adults-mphb-search-form-69fc499f3e06d\" name=\"mphb_adults\" >\n\t\t\t\t\t\t\t\t\t<option value=\"1\"  selected='selected'>1<\/option>\n\t\t\t\t\t\t\t\t\t<option value=\"2\" >2<\/option>\n\t\t\t\t\t\t\t\t\t<option value=\"3\" >3<\/option>\n\t\t\t\t\t\t\t\t\t<option value=\"4\" >4<\/option>\n\t\t\t\t\t\t\t\t\t<option value=\"5\" >5<\/option>\n\t\t\t\t\t\t\t\t\t<option value=\"6\" >6<\/option>\n\t\t\t\t\t\t\t<\/select>\n\t\t<\/p>\n\t\n\t\t\t<p class=\"mphb_sc_search-children\">\n\t\t\t<label for=\"mphb_children-mphb-search-form-69fc499f3e06d\">\n\t\t\t\tKinder\t\t\t<\/label>\n\t\t\t<br \/>\n\t\t\t<select id=\"mphb_children-mphb-search-form-69fc499f3e06d\" name=\"mphb_children\">\n\t\t\t\t\t\t\t\t\t<option value=\"0\"  selected='selected'>0<\/option>\n\t\t\t\t\t\t\t\t\t<option value=\"1\" >1<\/option>\n\t\t\t\t\t\t\t\t\t<option value=\"2\" >2<\/option>\n\t\t\t\t\t\t\t\t\t<option value=\"3\" >3<\/option>\n\t\t\t\t\t\t\t\t\t<option value=\"4\" >4<\/option>\n\t\t\t\t\t\t\t\t\t<option value=\"5\" >5<\/option>\n\t\t\t\t\t\t\t<\/select>\n\t\t<\/p>\n\t\n\t\n\t\n\t<input id=\"mphb_check_in_date-mphb-search-form-69fc499f3e06d-hidden\" value=\"\" type=\"hidden\" name=\"mphb_check_in_date\" \/><input id=\"mphb_check_out_date-mphb-search-form-69fc499f3e06d-hidden\" value=\"\" type=\"hidden\" name=\"mphb_check_out_date\" \/>\n\t<p class=\"mphb_sc_search-submit-button-wrapper\">\n\t\t<input type=\"submit\" class=\"button\" value=\"Suche\"\/>\n\t<\/p>\n\n\t\n<\/form>\n<\/div>\n<hr\/>\n<style>\n.metaslider .caption-wrap {display:none;}\n.site-main {\n    margin-bottom: 2.2\nem\n;\n    margin-top: -57\npx\n;\n    border-top-left-radius: 13\npx\n;\n    border-top-right-radius: 13\npx\n;\n    -webkit-box-shadow: 5px 5px 15px 5px #6f6f6f;\n    box-shadow: 5px 5px 15px 5px #333333;\n}\n<\/style>\n","protected":false},"excerpt":{"rendered":"<p>Sami Beach Villas ist ein kleiner Komplex von vier Villen, die im Jahr 2009 komplett unabh\u00e4ngig voneinander gebaut wurden und stilvoll mit privaten Pools ausgestattet sind. Das Hotel liegt nur 50 m vom Meer entfernt im Dorf Karavomylos, Bezirk Sami auf der Ostseite von Kefalonia. Kefalonia ist die gr\u00f6\u00dfte der Ionischen Inseln und liegt in &hellip; <a href=\"https:\/\/samibeachvillas.gr\/de\/accommodation\/villa-dafni-2\/\" class=\"more-link\">Continue reading<span class=\"screen-reader-text\"> &#8222;VILLA DAFNI&#8220;<\/span><\/a><\/p>\n","protected":false},"author":5,"featured_media":0,"parent":0,"menu_order":0,"comment_status":"closed","ping_status":"closed","template":"template-full-width-slider-page.php","meta":{"footnotes":""},"class_list":["post-7696","page","type-page","status-publish","hentry"],"aioseo_notices":[],"_links":{"self":[{"href":"https:\/\/samibeachvillas.gr\/de\/wp-json\/wp\/v2\/pages\/7696","targetHints":{"allow":["GET"]}}],"collection":[{"href":"https:\/\/samibeachvillas.gr\/de\/wp-json\/wp\/v2\/pages"}],"about":[{"href":"https:\/\/samibeachvillas.gr\/de\/wp-json\/wp\/v2\/types\/page"}],"author":[{"embeddable":true,"href":"https:\/\/samibeachvillas.gr\/de\/wp-json\/wp\/v2\/users\/5"}],"replies":[{"embeddable":true,"href":"https:\/\/samibeachvillas.gr\/de\/wp-json\/wp\/v2\/comments?post=7696"}],"version-history":[{"count":2,"href":"https:\/\/samibeachvillas.gr\/de\/wp-json\/wp\/v2\/pages\/7696\/revisions"}],"predecessor-version":[{"id":7735,"href":"https:\/\/samibeachvillas.gr\/de\/wp-json\/wp\/v2\/pages\/7696\/revisions\/7735"}],"wp:attachment":[{"href":"https:\/\/samibeachvillas.gr\/de\/wp-json\/wp\/v2\/media?parent=7696"}],"curies":[{"name":"wp","href":"https:\/\/api.w.org\/{rel}","templated":true}]}}